{"id":6088,"date":"2023-08-05T17:24:13","date_gmt":"2023-08-05T17:24:13","guid":{"rendered":"https:\/\/bmetiquetas.com.br\/home\/?page_id=6088"},"modified":"2023-08-28T14:04:42","modified_gmt":"2023-08-28T14:04:42","slug":"pulseiras-de-identificacao","status":"publish","type":"page","link":"https:\/\/bmetiquetas.com.br\/home\/pulseiras-de-identificacao\/","title":{"rendered":"Pulseiras de Identifica\u00e7\u00e3o"},"content":{"rendered":"\t\t<div data-elementor-type=\"wp-page\" data-elementor-id=\"6088\" class=\"elementor elementor-6088\">\n\t\t\t\t\t\t\t\t\t<section class=\"elementor-section elementor-top-section elementor-element elementor-element-6ce5a9a elementor-section-content-middle elementor-section-boxed elementor-section-height-default elementor-section-height-default\" data-id=\"6ce5a9a\" data-element_type=\"section\">\n\t\t\t\t\t\t<div class=\"elementor-container elementor-column-gap-wider\">\n\t\t\t\t\t<div class=\"elementor-column elementor-col-100 elementor-top-column elementor-element elementor-element-50421631\" data-id=\"50421631\" data-element_type=\"column\">\n\t\t\t<div class=\"elementor-widget-wrap elementor-element-populated\">\n\t\t\t\t\t\t\t\t<div class=\"elementor-element elementor-element-6d6d8c30 elementor-widget elementor-widget-heading\" data-id=\"6d6d8c30\" data-element_type=\"widget\" data-widget_type=\"heading.default\">\n\t\t\t\t<div class=\"elementor-widget-container\">\n\t\t\t<h3 class=\"elementor-heading-title elementor-size-default\">Pulseiras de Identifica\u00e7\u00e3o<\/h3>\t\t<\/div>\n\t\t\t\t<\/div>\n\t\t\t\t\t<\/div>\n\t\t<\/div>\n\t\t\t\t\t\t\t<\/div>\n\t\t<\/section>\n\t\t\t\t<section class=\"elementor-section elementor-top-section elementor-element elementor-element-7542d6f5 elementor-section-boxed elementor-section-height-default elementor-section-height-default\" data-id=\"7542d6f5\" data-element_type=\"section\">\n\t\t\t\t\t\t<div class=\"elementor-container elementor-column-gap-wider\">\n\t\t\t\t\t<div class=\"elementor-column elementor-col-33 elementor-top-column elementor-element elementor-element-53e3c58b\" data-id=\"53e3c58b\" data-element_type=\"column\">\n\t\t\t<div class=\"elementor-widget-wrap elementor-element-populated\">\n\t\t\t\t\t\t\t\t<div class=\"elementor-element elementor-element-1021c573 elementor-widget elementor-widget-text-editor\" data-id=\"1021c573\" data-element_type=\"widget\" data-widget_type=\"text-editor.default\">\n\t\t\t\t<div class=\"elementor-widget-container\">\n\t\t\t\t\t\t\t<p>As pulseiras de identifica\u00e7\u00e3o s\u00e3o ideais para o controle de acesso e triagem. S\u00e3o utilizadas tamb\u00e9m na \u00e1rea de sa\u00fade para a classifica\u00e7\u00e3o dos pacientes atrav\u00e9s do Protocolo de Manchester, onde a identifica\u00e7\u00e3o \u00e9 feita atrav\u00e9s das cores ap\u00f3s uma avalia\u00e7\u00e3o.<\/p>\t\t\t\t\t\t<\/div>\n\t\t\t\t<\/div>\n\t\t\t\t<div class=\"elementor-element elementor-element-32014ef3 elementor-widget elementor-widget-spacer\" data-id=\"32014ef3\" data-element_type=\"widget\" data-widget_type=\"spacer.default\">\n\t\t\t\t<div class=\"elementor-widget-container\">\n\t\t\t\t\t<div class=\"elementor-spacer\">\n\t\t\t<div class=\"elementor-spacer-inner\"><\/div>\n\t\t<\/div>\n\t\t\t\t<\/div>\n\t\t\t\t<\/div>\n\t\t\t\t<div class=\"elementor-element elementor-element-53763949 elementor-widget elementor-widget-text-editor\" data-id=\"53763949\" data-element_type=\"widget\" data-widget_type=\"text-editor.default\">\n\t\t\t\t<div class=\"elementor-widget-container\">\n\t\t\t\t\t\t\t<p><strong>DESCRI\u00c7\u00c3O DO PRODUTO<br \/><\/strong>Caixa com 1.000 unidades, uso manual na medida 20x250mm, em diversas cores com lacre de seguran\u00e7a e corte inviol\u00e1vel.<\/p>\t\t\t\t\t\t<\/div>\n\t\t\t\t<\/div>\n\t\t\t\t<div class=\"elementor-element elementor-element-d6810fa elementor-widget elementor-widget-spacer\" data-id=\"d6810fa\" data-element_type=\"widget\" data-widget_type=\"spacer.default\">\n\t\t\t\t<div class=\"elementor-widget-container\">\n\t\t\t\t\t<div class=\"elementor-spacer\">\n\t\t\t<div class=\"elementor-spacer-inner\"><\/div>\n\t\t<\/div>\n\t\t\t\t<\/div>\n\t\t\t\t<\/div>\n\t\t\t\t<div class=\"elementor-element elementor-element-9762f58 elementor-widget elementor-widget-button\" data-id=\"9762f58\" data-element_type=\"widget\" data-widget_type=\"button.default\">\n\t\t\t\t<div class=\"elementor-widget-container\">\n\t\t\t\t\t<div class=\"elementor-button-wrapper\">\n\t\t\t<a class=\"elementor-button elementor-button-link elementor-size-sm\" href=\"https:\/\/api.whatsapp.com\/send?phone=553141044502\">\n\t\t\t\t\t\t<span class=\"elementor-button-content-wrapper\">\n\t\t\t\t\t\t<span class=\"elementor-button-text\">FA\u00c7A SEU OR\u00c7AMENTO<\/span>\n\t\t<\/span>\n\t\t\t\t\t<\/a>\n\t\t<\/div>\n\t\t\t\t<\/div>\n\t\t\t\t<\/div>\n\t\t\t\t\t<\/div>\n\t\t<\/div>\n\t\t\t\t<div class=\"elementor-column elementor-col-33 elementor-top-column elementor-element elementor-element-2a542f91\" data-id=\"2a542f91\" data-element_type=\"column\">\n\t\t\t<div class=\"elementor-widget-wrap elementor-element-populated\">\n\t\t\t\t\t\t\t\t<div class=\"elementor-element elementor-element-1b72777 elementor-widget elementor-widget-image\" data-id=\"1b72777\" data-element_type=\"widget\" data-widget_type=\"image.default\">\n\t\t\t\t<div class=\"elementor-widget-container\">\n\t\t\t\t\t\t\t\t\t\t\t\t\t\t\t<img decoding=\"async\" src=\"https:\/\/bmetiquetas.com.br\/home\/wp-content\/uploads\/elementor\/thumbs\/pulseiras2-qarrw03m4rbftme46ndrwusb4mk7y2zb2h5gggzy2o.jpg\" title=\"pulseiras2\" alt=\"pulseiras2\" loading=\"lazy\" \/>\t\t\t\t\t\t\t\t\t\t\t\t\t\t\t<\/div>\n\t\t\t\t<\/div>\n\t\t\t\t<div class=\"elementor-element elementor-element-45804cc9 elementor-widget elementor-widget-spacer\" data-id=\"45804cc9\" data-element_type=\"widget\" data-widget_type=\"spacer.default\">\n\t\t\t\t<div class=\"elementor-widget-container\">\n\t\t\t\t\t<div class=\"elementor-spacer\">\n\t\t\t<div class=\"elementor-spacer-inner\"><\/div>\n\t\t<\/div>\n\t\t\t\t<\/div>\n\t\t\t\t<\/div>\n\t\t\t\t\t<\/div>\n\t\t<\/div>\n\t\t\t\t<div class=\"elementor-column elementor-col-33 elementor-top-column elementor-element elementor-element-43ff2d38\" data-id=\"43ff2d38\" data-element_type=\"column\">\n\t\t\t<div class=\"elementor-widget-wrap elementor-element-populated\">\n\t\t\t\t\t\t\t\t<div class=\"elementor-element elementor-element-2071a427 elementor-widget elementor-widget-image\" data-id=\"2071a427\" data-element_type=\"widget\" data-widget_type=\"image.default\">\n\t\t\t\t<div class=\"elementor-widget-container\">\n\t\t\t\t\t\t\t\t\t\t\t\t\t\t\t<img decoding=\"async\" src=\"https:\/\/bmetiquetas.com.br\/home\/wp-content\/uploads\/elementor\/thumbs\/pulseiras3-qaru5jll0cxwzty51e9nps0uayniotp1a2iu7m3gao.jpg\" title=\"pulseiras3\" alt=\"pulseiras3\" loading=\"lazy\" \/>\t\t\t\t\t\t\t\t\t\t\t\t\t\t\t<\/div>\n\t\t\t\t<\/div>\n\t\t\t\t\t<\/div>\n\t\t<\/div>\n\t\t\t\t\t\t\t<\/div>\n\t\t<\/section>\n\t\t\t\t<section class=\"elementor-section elementor-top-section elementor-element elementor-element-7e4bbfd1 elementor-section-boxed elementor-section-height-default elementor-section-height-default\" data-id=\"7e4bbfd1\" data-element_type=\"section\">\n\t\t\t\t\t\t<div class=\"elementor-container elementor-column-gap-default\">\n\t\t\t\t\t<div class=\"elementor-column elementor-col-100 elementor-top-column elementor-element elementor-element-5a1db732\" data-id=\"5a1db732\" data-element_type=\"column\">\n\t\t\t<div class=\"elementor-widget-wrap elementor-element-populated\">\n\t\t\t\t\t\t\t\t<div class=\"elementor-element elementor-element-4318667e elementor-widget elementor-widget-spacer\" data-id=\"4318667e\" data-element_type=\"widget\" data-widget_type=\"spacer.default\">\n\t\t\t\t<div class=\"elementor-widget-container\">\n\t\t\t\t\t<div class=\"elementor-spacer\">\n\t\t\t<div class=\"elementor-spacer-inner\"><\/div>\n\t\t<\/div>\n\t\t\t\t<\/div>\n\t\t\t\t<\/div>\n\t\t\t\t\t<\/div>\n\t\t<\/div>\n\t\t\t\t\t\t\t<\/div>\n\t\t<\/section>\n\t\t\t\t\t\t\t<\/div>\n\t\t","protected":false},"excerpt":{"rendered":"<p>Pulseiras de Identifica\u00e7\u00e3o As pulseiras de identifica\u00e7\u00e3o s\u00e3o ideais para o controle de acesso e triagem. S\u00e3o utilizadas tamb\u00e9m na \u00e1rea de sa\u00fade para a classifica\u00e7\u00e3o dos pacientes atrav\u00e9s do Protocolo de Manchester, onde a identifica\u00e7\u00e3o \u00e9 feita atrav\u00e9s das cores ap\u00f3s uma avalia\u00e7\u00e3o. DESCRI\u00c7\u00c3O DO PRODUTOCaixa com 1.000 unidades, uso manual na medida 20x250mm,&hellip;<\/p>\n","protected":false},"author":1,"featured_media":0,"parent":0,"menu_order":0,"comment_status":"closed","ping_status":"closed","template":"","meta":{"footnotes":""},"class_list":["post-6088","page","type-page","status-publish","hentry"],"_links":{"self":[{"href":"https:\/\/bmetiquetas.com.br\/home\/wp-json\/wp\/v2\/pages\/6088","targetHints":{"allow":["GET"]}}],"collection":[{"href":"https:\/\/bmetiquetas.com.br\/home\/wp-json\/wp\/v2\/pages"}],"about":[{"href":"https:\/\/bmetiquetas.com.br\/home\/wp-json\/wp\/v2\/types\/page"}],"author":[{"embeddable":true,"href":"https:\/\/bmetiquetas.com.br\/home\/wp-json\/wp\/v2\/users\/1"}],"replies":[{"embeddable":true,"href":"https:\/\/bmetiquetas.com.br\/home\/wp-json\/wp\/v2\/comments?post=6088"}],"version-history":[{"count":22,"href":"https:\/\/bmetiquetas.com.br\/home\/wp-json\/wp\/v2\/pages\/6088\/revisions"}],"predecessor-version":[{"id":6314,"href":"https:\/\/bmetiquetas.com.br\/home\/wp-json\/wp\/v2\/pages\/6088\/revisions\/6314"}],"wp:attachment":[{"href":"https:\/\/bmetiquetas.com.br\/home\/wp-json\/wp\/v2\/media?parent=6088"}],"curies":[{"name":"wp","href":"https:\/\/api.w.org\/{rel}","templated":true}]}}