{"id":12,"date":"2020-02-15T10:36:10","date_gmt":"2020-02-15T10:36:10","guid":{"rendered":"https:\/\/the7.io\/logistics\/?page_id=12"},"modified":"2023-08-28T14:10:20","modified_gmt":"2023-08-28T14:10:20","slug":"sobre","status":"publish","type":"page","link":"https:\/\/bmetiquetas.com.br\/home\/sobre\/","title":{"rendered":"Sobre N\u00f3s"},"content":{"rendered":"\t\t<div data-elementor-type=\"wp-page\" data-elementor-id=\"12\" class=\"elementor elementor-12\">\n\t\t\t\t\t\t\t\t\t<section class=\"elementor-section elementor-top-section elementor-element elementor-element-b841804 elementor-section-content-middle elementor-section-boxed elementor-section-height-default elementor-section-height-default\" data-id=\"b841804\" data-element_type=\"section\">\n\t\t\t\t\t\t<div class=\"elementor-container elementor-column-gap-wider\">\n\t\t\t\t\t<div class=\"elementor-column elementor-col-50 elementor-top-column elementor-element elementor-element-bc116fb\" data-id=\"bc116fb\" data-element_type=\"column\">\n\t\t\t<div class=\"elementor-widget-wrap elementor-element-populated\">\n\t\t\t\t\t\t\t\t<div class=\"elementor-element elementor-element-0b37fe1 elementor-widget elementor-widget-heading\" data-id=\"0b37fe1\" data-element_type=\"widget\" data-widget_type=\"heading.default\">\n\t\t\t\t<div class=\"elementor-widget-container\">\n\t\t\t<h3 class=\"elementor-heading-title elementor-size-default\">Sobre n\u00f3s<\/h3>\t\t<\/div>\n\t\t\t\t<\/div>\n\t\t\t\t\t<\/div>\n\t\t<\/div>\n\t\t\t\t<div class=\"elementor-column elementor-col-50 elementor-top-column elementor-element elementor-element-49208bf\" data-id=\"49208bf\" data-element_type=\"column\">\n\t\t\t<div class=\"elementor-widget-wrap elementor-element-populated\">\n\t\t\t\t\t\t\t\t<div class=\"elementor-element elementor-element-f4e8296 elementor-widget__width-auto elementor-widget elementor-widget-heading\" data-id=\"f4e8296\" data-element_type=\"widget\" data-widget_type=\"heading.default\">\n\t\t\t\t<div class=\"elementor-widget-container\">\n\t\t\t<h3 class=\"elementor-heading-title elementor-size-default\">Temos a solu\u00e7\u00e3o ideal para voc\u00ea e sua empresa.<\/h3>\t\t<\/div>\n\t\t\t\t<\/div>\n\t\t\t\t\t<\/div>\n\t\t<\/div>\n\t\t\t\t\t\t\t<\/div>\n\t\t<\/section>\n\t\t\t\t<section class=\"elementor-section elementor-top-section elementor-element elementor-element-ec6b5d1 elementor-section-boxed elementor-section-height-default elementor-section-height-default\" data-id=\"ec6b5d1\" data-element_type=\"section\">\n\t\t\t\t\t\t<div class=\"elementor-container elementor-column-gap-wider\">\n\t\t\t\t\t<div class=\"elementor-column elementor-col-33 elementor-top-column elementor-element elementor-element-4a01ed9\" data-id=\"4a01ed9\" data-element_type=\"column\">\n\t\t\t<div class=\"elementor-widget-wrap elementor-element-populated\">\n\t\t\t\t\t\t\t\t<div class=\"elementor-element elementor-element-50db0df elementor-widget elementor-widget-text-editor\" data-id=\"50db0df\" data-element_type=\"widget\" data-widget_type=\"text-editor.default\">\n\t\t\t\t<div class=\"elementor-widget-container\">\n\t\t\t\t\t\t\t<p>Fundada em Belo Horizonte e com uma trajet\u00f3ria de mais de 20 anos, a <strong>BM Etiquetas<\/strong> vem se destacando cada vez mais pela sua excel\u00eancia no atendimento e qualidade dos produtos. Com uma equipe de profissionais altamente qualificados, colaboradores experientes, m\u00e1quinas e equipamentos modernos. Atendemos clientes de todo Brasil nos mais diversos segmentos, com o que h\u00e1 de melhor em mat\u00e9ria prima e qualidade.<\/p>\t\t\t\t\t\t<\/div>\n\t\t\t\t<\/div>\n\t\t\t\t<div class=\"elementor-element elementor-element-1f8c7c5 elementor-widget elementor-widget-spacer\" data-id=\"1f8c7c5\" data-element_type=\"widget\" data-widget_type=\"spacer.default\">\n\t\t\t\t<div class=\"elementor-widget-container\">\n\t\t\t\t\t<div class=\"elementor-spacer\">\n\t\t\t<div class=\"elementor-spacer-inner\"><\/div>\n\t\t<\/div>\n\t\t\t\t<\/div>\n\t\t\t\t<\/div>\n\t\t\t\t<div class=\"elementor-element elementor-element-d3d0c6b elementor-widget elementor-widget-text-editor\" data-id=\"d3d0c6b\" data-element_type=\"widget\" data-widget_type=\"text-editor.default\">\n\t\t\t\t<div class=\"elementor-widget-container\">\n\t\t\t\t\t\t\t<p><strong>NOSSO COMPROMISSO<\/strong><br \/>Oferecer solu\u00e7\u00f5es inovadoras e confi\u00e1veis com excel\u00eancia no atendimento e qualidade dos produtos.<\/p>\t\t\t\t\t\t<\/div>\n\t\t\t\t<\/div>\n\t\t\t\t\t<\/div>\n\t\t<\/div>\n\t\t\t\t<div class=\"elementor-column elementor-col-33 elementor-top-column elementor-element elementor-element-c3f2af7\" data-id=\"c3f2af7\" data-element_type=\"column\">\n\t\t\t<div class=\"elementor-widget-wrap elementor-element-populated\">\n\t\t\t\t\t\t\t\t<div class=\"elementor-element elementor-element-4e9fd76 elementor-widget elementor-widget-image\" data-id=\"4e9fd76\" data-element_type=\"widget\" data-widget_type=\"image.default\">\n\t\t\t\t<div class=\"elementor-widget-container\">\n\t\t\t\t\t\t\t\t\t\t\t\t\t\t\t<img decoding=\"async\" src=\"https:\/\/bmetiquetas.com.br\/home\/wp-content\/uploads\/elementor\/thumbs\/etiquetas_v1-qarvvh6rbdq1yvzje60q05e7cxe5uvkcglykjy9mbk.jpg\" title=\"etiquetas_v1\" alt=\"etiquetas_v1\" loading=\"lazy\" \/>\t\t\t\t\t\t\t\t\t\t\t\t\t\t\t<\/div>\n\t\t\t\t<\/div>\n\t\t\t\t<div class=\"elementor-element elementor-element-0c5ba37 elementor-widget elementor-widget-spacer\" data-id=\"0c5ba37\" data-element_type=\"widget\" data-widget_type=\"spacer.default\">\n\t\t\t\t<div class=\"elementor-widget-container\">\n\t\t\t\t\t<div class=\"elementor-spacer\">\n\t\t\t<div class=\"elementor-spacer-inner\"><\/div>\n\t\t<\/div>\n\t\t\t\t<\/div>\n\t\t\t\t<\/div>\n\t\t\t\t\t<\/div>\n\t\t<\/div>\n\t\t\t\t<div class=\"elementor-column elementor-col-33 elementor-top-column elementor-element elementor-element-0b9f793\" data-id=\"0b9f793\" data-element_type=\"column\">\n\t\t\t<div class=\"elementor-widget-wrap elementor-element-populated\">\n\t\t\t\t\t\t\t\t<div class=\"elementor-element elementor-element-3855721 elementor-widget elementor-widget-image\" data-id=\"3855721\" data-element_type=\"widget\" data-widget_type=\"image.default\">\n\t\t\t\t<div class=\"elementor-widget-container\">\n\t\t\t\t\t\t\t\t\t\t\t\t\t\t\t<img decoding=\"async\" src=\"https:\/\/bmetiquetas.com.br\/home\/wp-content\/uploads\/elementor\/thumbs\/clientes_bm_etiquetas_rl-qah0m6lt4m0nktnum7yyt0w10s0ioaxa8vlmnco85c.jpg\" title=\"clientes_bm_etiquetas_rl\" alt=\"clientes_bm_etiquetas_rl\" loading=\"lazy\" \/>\t\t\t\t\t\t\t\t\t\t\t\t\t\t\t<\/div>\n\t\t\t\t<\/div>\n\t\t\t\t\t<\/div>\n\t\t<\/div>\n\t\t\t\t\t\t\t<\/div>\n\t\t<\/section>\n\t\t\t\t<section class=\"elementor-section elementor-top-section elementor-element elementor-element-a55aa33 elementor-section-boxed elementor-section-height-default elementor-section-height-default\" data-id=\"a55aa33\" data-element_type=\"section\">\n\t\t\t\t\t\t<div class=\"elementor-container elementor-column-gap-default\">\n\t\t\t\t\t<div class=\"elementor-column elementor-col-100 elementor-top-column elementor-element elementor-element-2d95ad8\" data-id=\"2d95ad8\" data-element_type=\"column\">\n\t\t\t<div class=\"elementor-widget-wrap elementor-element-populated\">\n\t\t\t\t\t\t\t\t<div class=\"elementor-element elementor-element-e424b69 elementor-widget elementor-widget-spacer\" data-id=\"e424b69\" data-element_type=\"widget\" data-widget_type=\"spacer.default\">\n\t\t\t\t<div class=\"elementor-widget-container\">\n\t\t\t\t\t<div class=\"elementor-spacer\">\n\t\t\t<div class=\"elementor-spacer-inner\"><\/div>\n\t\t<\/div>\n\t\t\t\t<\/div>\n\t\t\t\t<\/div>\n\t\t\t\t\t<\/div>\n\t\t<\/div>\n\t\t\t\t\t\t\t<\/div>\n\t\t<\/section>\n\t\t\t\t\t\t\t<\/div>\n\t\t","protected":false},"excerpt":{"rendered":"<p>Sobre n\u00f3s Temos a solu\u00e7\u00e3o ideal para voc\u00ea e sua empresa. Fundada em Belo Horizonte e com uma trajet\u00f3ria de mais de 20 anos, a BM Etiquetas vem se destacando cada vez mais pela sua excel\u00eancia no atendimento e qualidade dos produtos. Com uma equipe de profissionais altamente qualificados, colaboradores experientes, m\u00e1quinas e equipamentos modernos.&hellip;<\/p>\n","protected":false},"author":1,"featured_media":0,"parent":0,"menu_order":20,"comment_status":"closed","ping_status":"closed","template":"","meta":{"footnotes":""},"class_list":["post-12","page","type-page","status-publish","hentry"],"_links":{"self":[{"href":"https:\/\/bmetiquetas.com.br\/home\/wp-json\/wp\/v2\/pages\/12","targetHints":{"allow":["GET"]}}],"collection":[{"href":"https:\/\/bmetiquetas.com.br\/home\/wp-json\/wp\/v2\/pages"}],"about":[{"href":"https:\/\/bmetiquetas.com.br\/home\/wp-json\/wp\/v2\/types\/page"}],"author":[{"embeddable":true,"href":"https:\/\/bmetiquetas.com.br\/home\/wp-json\/wp\/v2\/users\/1"}],"replies":[{"embeddable":true,"href":"https:\/\/bmetiquetas.com.br\/home\/wp-json\/wp\/v2\/comments?post=12"}],"version-history":[{"count":34,"href":"https:\/\/bmetiquetas.com.br\/home\/wp-json\/wp\/v2\/pages\/12\/revisions"}],"predecessor-version":[{"id":6320,"href":"https:\/\/bmetiquetas.com.br\/home\/wp-json\/wp\/v2\/pages\/12\/revisions\/6320"}],"wp:attachment":[{"href":"https:\/\/bmetiquetas.com.br\/home\/wp-json\/wp\/v2\/media?parent=12"}],"curies":[{"name":"wp","href":"https:\/\/api.w.org\/{rel}","templated":true}]}}